{"id":20,"date":"2014-02-28T15:59:32","date_gmt":"2014-02-28T15:59:32","guid":{"rendered":"http:\/\/www.pidconsortium.eu\/?page_id=20"},"modified":"2023-05-30T14:09:29","modified_gmt":"2023-05-30T14:09:29","slug":"contact","status":"publish","type":"page","link":"https:\/\/www.pidconsortium.net\/?page_id=20","title":{"rendered":"Contact"},"content":{"rendered":"<p>For all questions and requests you can get in contact with ePIC via<\/p>\n<p>support [at] pidconsortium.net<\/p>\n<p>Current Chair of the Management Board is:<\/p>\n<p style=\"padding-left: 30px;\">Tibor K\u00e1lm\u00e1n<br \/>\nGWDG &#8211; eResearch Group<br \/>\nBurckhardtweg 4<br \/>\n37077 G\u00f6ttingen<br \/>\nGermany<\/p>\n","protected":false},"excerpt":{"rendered":"<p>For all questions and requests you can get in contact with ePIC via support [at] pidconsortium.net Current Chair of the Management Board is: Tibor K\u00e1lm\u00e1n GWDG &#8211; eResearch Group Burckhardtweg 4 37077 G\u00f6ttingen Germany<\/p>\n","protected":false},"author":2,"featured_media":0,"parent":0,"menu_order":10,"comment_status":"closed","ping_status":"closed","template":"","meta":{"footnotes":""},"class_list":["entry","page","publish","author-sbinger1","post-20"],"_links":{"self":[{"href":"https:\/\/www.pidconsortium.net\/index.php?rest_route=\/wp\/v2\/pages\/20","targetHints":{"allow":["GET"]}}],"collection":[{"href":"https:\/\/www.pidconsortium.net\/index.php?rest_route=\/wp\/v2\/pages"}],"about":[{"href":"https:\/\/www.pidconsortium.net\/index.php?rest_route=\/wp\/v2\/types\/page"}],"author":[{"embeddable":true,"href":"https:\/\/www.pidconsortium.net\/index.php?rest_route=\/wp\/v2\/users\/2"}],"replies":[{"embeddable":true,"href":"https:\/\/www.pidconsortium.net\/index.php?rest_route=%2Fwp%2Fv2%2Fcomments&post=20"}],"version-history":[{"count":15,"href":"https:\/\/www.pidconsortium.net\/index.php?rest_route=\/wp\/v2\/pages\/20\/revisions"}],"predecessor-version":[{"id":2277,"href":"https:\/\/www.pidconsortium.net\/index.php?rest_route=\/wp\/v2\/pages\/20\/revisions\/2277"}],"wp:attachment":[{"href":"https:\/\/www.pidconsortium.net\/index.php?rest_route=%2Fwp%2Fv2%2Fmedia&parent=20"}],"curies":[{"name":"wp","href":"https:\/\/api.w.org\/{rel}","templated":true}]}}