{"id":78,"date":"2014-03-03T08:56:21","date_gmt":"2014-03-03T08:56:21","guid":{"rendered":"http:\/\/www.pidconsortium.eu\/?page_id=78"},"modified":"2024-05-31T08:47:17","modified_gmt":"2024-05-31T08:47:17","slug":"activites","status":"publish","type":"page","link":"https:\/\/www.pidconsortium.net\/?page_id=78","title":{"rendered":"Activites"},"content":{"rendered":"\n<h2 class=\"wp-block-heading\">Meetings and conferences<\/h2>\n\n\n\n<p><a href=\"https:\/\/www.pidconsortium.net\/?page_id=674\">DataCite \/ ePIC Meeting 2015<\/a>, Sept. 21st in Paris, France<\/p>\n\n\n\n<p>Here you find a list of the past User Meetings. Some of the talks given during the meetings are available for download.<\/p>\n\n\n\n<ul class=\"wp-block-list\">\n<li><a title=\"User Meeting 2013\" href=\"https:\/\/www.pidconsortium.net\/?page_id=158\">ePIC User Forum 2013<\/a>, 30. October 2013 in Rome, Italy<\/li>\n\n\n\n<li><a title=\"User Meeting 2012\" href=\"https:\/\/www.pidconsortium.net\/?page_id=178\">ePIC User Forum 2012<\/a>, 16. + 17. April 2012 at CSC, Espoo, Finland<\/li>\n\n\n\n<li><a title=\"User Meeting 2011\" href=\"https:\/\/www.pidconsortium.net\/?page_id=182\">ePIC User Forum 2011<\/a>, 12. + 13. April 2011 at<br><br><a href=\"https:\/\/www.surfsara.nl\/news\/successful-epic-user-forum-2011-sara-12-13-april\" target=\"_blank\" rel=\"noopener noreferrer\">SARA<\/a>, Science Park Amsterdam, Netherlands<\/li>\n\n\n\n<li><a title=\"User Meeting 2010\" href=\"https:\/\/www.pidconsortium.net\/?page_id=186\">ePIC User Forum 2010<\/a>, 19. + 20. April 2010 at GWDG, G\u00f6ttingen, Germany<\/li>\n<\/ul>\n\n\n\n<h2 class=\"wp-block-heading\">Publications<\/h2>\n\n\n\n<ul class=\"wp-block-list\">\n<li>Tibor K\u00e1lm\u00e1n, Daniel Kurzawe, Ulrich Schwardmann: European Persistent Identifier Consortium -\u00ad PIDs f\u00fcr die Wissenschaft. In: Reinhard Altenh\u00f6ner und Claudia Oellers (Hrsg.): Langzeitarchivierung von Forschungsdaten &#8211; Standards und disziplinspezifische L\u00f6sungen, Berlin 2012, S. 151 &#8211; 168<br><br>ISBN 978-3-944417-00-4<\/li>\n<\/ul>\n\n\n\n<h2 class=\"wp-block-heading\">Presentations<\/h2>\n\n\n\n<ul class=\"wp-block-list\">\n<li><a href=\"wp-content\/uploads\/ePIC_3rd_RDA_Dublin_2014.pdf\" target=\"_blank\" rel=\"noopener noreferrer\">ePIC Poster<\/a> at the 3rd RDA Plenary Meeting, 25.-28. March 2014, Dublin, Ireland<\/li>\n\n\n\n<li>ePIC Governance, 09.08.2012 at DKRZ, Hamburg, Germany<\/li>\n\n\n\n<li>ePIC HandsOn, 11.07.2012 Osnabr\u00fcck, Germany<\/li>\n\n\n\n<li><a href=\"https:\/\/www.pidconsortium.net\/wp-content\/uploads\/kalman-epicapiv1.pdf\">Presentation<\/a> during CLARIN-D Meeting 8 Sept. 2011<\/li>\n\n\n\n<li><a href=\"http:\/\/www.clarin.eu\/events\/3443\" target=\"_blank\" rel=\"noopener noreferrer\">CLARIN-D tutorial<\/a>, 07-09.09.2011 at MPI for psycholinguistics, Nijmegen, Netherlands<\/li>\n\n\n\n<li><a href=\"http:\/\/www.ratswd.de\/ver\/WS_Archivierung_2011.php\" target=\"_blank\" rel=\"noopener noreferrer\">Archivierung sozial- und wirtschaftswissenschaftlicher Datenbest\u00e4nde<\/a> , 15-16.09.2011 at Deutsche Nationalbibliothek, Frankfurt\/Main, Germany<\/li>\n<\/ul>\n\n\n\n<h2 class=\"wp-block-heading\">Technical Board Meetings<\/h2>\n\n\n\n<p>The Technical Board Meetings are held regularly every month. Details and the minutes of the meetings can be found on the member <a href=\"https:\/\/gitlab-ce.gwdg.de\/pidconsortium\/epic-general\/-\/tree\/main\/tb_meeting_protocols\"> project page<\/a>, which is restricted to the affiliated members of ePIC.<\/p>\n\n\n\n<h2 class=\"wp-block-heading\">Management Board Meetings<\/h2>\n\n\n\n<p>The ePIC videoconferences take place on the last Tuesday of the months February, May, August, and November. Details can be found on the member <a href=\"https:\/\/projects.gwdg.de\/projects\/epic\/wiki\"> project page<\/a>, which is restricted to the affiliated members of ePIC.<\/p>\n","protected":false},"excerpt":{"rendered":"<p>Meetings and conferences DataCite \/ ePIC Meeting 2015, Sept. 21st in Paris, France Here you find a list of the past User Meetings. Some of the talks given during the meetings are available for download. Publications Presentations Technical Board Meetings The Technical Board Meetings are held regularly every month. Details and the minutes of the &#8230; <span class=\"more\"><a class=\"more-link\" href=\"https:\/\/www.pidconsortium.net\/?page_id=78\">[Read more&#8230;]<\/a><\/span><\/p>\n","protected":false},"author":2,"featured_media":0,"parent":0,"menu_order":0,"comment_status":"closed","ping_status":"closed","template":"","meta":{"footnotes":""},"class_list":["entry","page","publish","author-sbinger1","post-78"],"_links":{"self":[{"href":"https:\/\/www.pidconsortium.net\/index.php?rest_route=\/wp\/v2\/pages\/78","targetHints":{"allow":["GET"]}}],"collection":[{"href":"https:\/\/www.pidconsortium.net\/index.php?rest_route=\/wp\/v2\/pages"}],"about":[{"href":"https:\/\/www.pidconsortium.net\/index.php?rest_route=\/wp\/v2\/types\/page"}],"author":[{"embeddable":true,"href":"https:\/\/www.pidconsortium.net\/index.php?rest_route=\/wp\/v2\/users\/2"}],"replies":[{"embeddable":true,"href":"https:\/\/www.pidconsortium.net\/index.php?rest_route=%2Fwp%2Fv2%2Fcomments&post=78"}],"version-history":[{"count":40,"href":"https:\/\/www.pidconsortium.net\/index.php?rest_route=\/wp\/v2\/pages\/78\/revisions"}],"predecessor-version":[{"id":2284,"href":"https:\/\/www.pidconsortium.net\/index.php?rest_route=\/wp\/v2\/pages\/78\/revisions\/2284"}],"wp:attachment":[{"href":"https:\/\/www.pidconsortium.net\/index.php?rest_route=%2Fwp%2Fv2%2Fmedia&parent=78"}],"curies":[{"name":"wp","href":"https:\/\/api.w.org\/{rel}","templated":true}]}}